{"id":37,"date":"2019-04-18T12:07:45","date_gmt":"2019-04-18T10:07:45","guid":{"rendered":"http:\/\/prokyon.de\/?page_id=37"},"modified":"2022-02-17T22:39:50","modified_gmt":"2022-02-17T21:39:50","slug":"referenzen","status":"publish","type":"page","link":"https:\/\/prokyon.de\/?page_id=37","title":{"rendered":"Referenzen"},"content":{"rendered":"\n<ul class=\"has-white-color has-text-color wp-block-list\"><li>Abseits Neumarkt<\/li><li>Haus33 N\u00fcrnberg<\/li><li>Berlin Club Neumark<\/li><li>Onyx Club Straubing<\/li><li>Happy Rock Amberg<\/li><li> The Sin Club Straubing<\/li><li> Soho Wei\u00dfenburg<\/li><li> Club318 Neumarkt<\/li><li> Millj\u00f6h Club Neumarkt<\/li><li> Lobo Club Waldkirchen<\/li><li> Club Barcode Deggendorf<\/li><li> Discothek Martinicqe Regen<\/li><li> BD Club Illmenau<\/li><li> Musikpark Ingolstadt<\/li><li> Tanzhaus Treffer Aschbuch<\/li><li> Das BU Club Ingolstadt<\/li><li> Liquid Deggendorf<\/li><li> Pulz Sound Residenz<\/li><li> Plattenparty Ermershausen<\/li><li> Kulturzentrum alte M\u00e4lzerei Regensburg<\/li><li> Jurabeach Festival 2017<\/li><li> Love Island Festival 2017<\/li><li> Beachparty Plattling 2017<\/li><li> Mando Hill Festival 2017<\/li><li> Fairyland Festival 2017<\/li><li> Sommertanz Festival 2017<\/li><\/ul>\n","protected":false},"excerpt":{"rendered":"<p>Abseits Neumarkt Haus33 N\u00fcrnberg Berlin Club Neumark Onyx Club Straubing Happy Rock Amberg The Sin Club Straubing Soho Wei\u00dfenburg Club318 Neumarkt Millj\u00f6h Club Neumarkt Lobo Club Waldkirchen Club Barcode Deggendorf Discothek Martinicqe Regen BD Club Illmenau Musikpark Ingolstadt Tanzhaus Treffer Aschbuch Das BU Club Ingolstadt Liquid Deggendorf Pulz Sound Residenz Plattenparty Ermershausen Kulturzentrum alte M\u00e4lzerei Regensburg Jurabeach Festival 2017 Love Island Festival 2017 Beachparty Plattling [&hellip;]<\/p>\n","protected":false},"author":1,"featured_media":0,"parent":0,"menu_order":4,"comment_status":"closed","ping_status":"closed","template":"","meta":{"footnotes":""},"class_list":["post-37","page","type-page","status-publish","hentry"],"_links":{"self":[{"href":"https:\/\/prokyon.de\/index.php?rest_route=\/wp\/v2\/pages\/37","targetHints":{"allow":["GET"]}}],"collection":[{"href":"https:\/\/prokyon.de\/index.php?rest_route=\/wp\/v2\/pages"}],"about":[{"href":"https:\/\/prokyon.de\/index.php?rest_route=\/wp\/v2\/types\/page"}],"author":[{"embeddable":true,"href":"https:\/\/prokyon.de\/index.php?rest_route=\/wp\/v2\/users\/1"}],"replies":[{"embeddable":true,"href":"https:\/\/prokyon.de\/index.php?rest_route=%2Fwp%2Fv2%2Fcomments&post=37"}],"version-history":[{"count":25,"href":"https:\/\/prokyon.de\/index.php?rest_route=\/wp\/v2\/pages\/37\/revisions"}],"predecessor-version":[{"id":599,"href":"https:\/\/prokyon.de\/index.php?rest_route=\/wp\/v2\/pages\/37\/revisions\/599"}],"wp:attachment":[{"href":"https:\/\/prokyon.de\/index.php?rest_route=%2Fwp%2Fv2%2Fmedia&parent=37"}],"curies":[{"name":"wp","href":"https:\/\/api.w.org\/{rel}","templated":true}]}}